{"id":14368,"date":"2024-04-05T15:08:54","date_gmt":"2024-04-05T15:08:54","guid":{"rendered":"https:\/\/kaimaralanguagehub.com\/?page_id=14368"},"modified":"2025-09-29T18:25:06","modified_gmt":"2025-09-29T18:25:06","slug":"casos-de-exito-kosmos-lingua","status":"publish","type":"page","link":"https:\/\/kaimaralanguagehub.com\/es\/casos-de-exito-kosmos-lingua\/","title":{"rendered":"CASOS DE \u00c9XITO"},"content":{"rendered":"\t\t<div data-elementor-type=\"wp-page\" data-elementor-id=\"14368\" class=\"elementor elementor-14368 elementor-14364\">\n\t\t\t\t\t\t<section class=\"elementor-section elementor-top-section elementor-element elementor-element-5a1d32f elementor-section-full_width elementor-section-height-default elementor-section-height-default qodef-elementor-content-no qodef-elementor-back-btn-skin-default qodef-section-title-text-holder-no qodef-section-line-animation-holder-no\" data-id=\"5a1d32f\" data-element_type=\"section\" data-e-type=\"section\">\n\t\t\t\t\t\t<div class=\"elementor-container elementor-column-gap-default\">\n\t\t\t\t\t<div class=\"elementor-column elementor-col-100 elementor-top-column elementor-element elementor-element-1a5cf81\" data-id=\"1a5cf81\" data-element_type=\"column\" data-e-type=\"column\">\n\t\t\t<div class=\"elementor-widget-wrap elementor-element-populated\">\n\t\t\t\t\t\t<div class=\"elementor-element elementor-element-5918643 elementor-widget elementor-widget-madelyn_core_portfolio_list\" data-id=\"5918643\" data-element_type=\"widget\" data-e-type=\"widget\" data-widget_type=\"madelyn_core_portfolio_list.default\">\n\t\t\t\t<div class=\"elementor-widget-container\">\n\t\t\t\t\t<div class=\"qodef-shortcode qodef-m  qodef-portfolio-list qodef-item-layout--info-below qodef--has-articles-appear-animation qodef-grid qodef-layout--columns  qodef-gutter--medium qodef-col-num--6 qodef-item-layout--info-below qodef-filter--on qodef-pagination--on qodef-pagination-type--load-more qodef-responsive--custom qodef-col-num--1440--6 qodef-col-num--1366--6 qodef-col-num--1024--6 qodef-col-num--768--3 qodef-col-num--680--3 qodef-col-num--480--3 qodef-hover-animation--overlay\" data-options=\"{&quot;plugin&quot;:&quot;madelyn_core&quot;,&quot;module&quot;:&quot;post-types\\\/portfolio\\\/shortcodes&quot;,&quot;shortcode&quot;:&quot;portfolio-list&quot;,&quot;post_type&quot;:&quot;portfolio-item&quot;,&quot;next_page&quot;:&quot;2&quot;,&quot;max_pages_num&quot;:1,&quot;enable_article_animation&quot;:&quot;yes&quot;,&quot;behavior&quot;:&quot;columns&quot;,&quot;images_proportion&quot;:&quot;thumbnail&quot;,&quot;columns&quot;:&quot;6&quot;,&quot;columns_responsive&quot;:&quot;custom&quot;,&quot;columns_1440&quot;:&quot;6&quot;,&quot;columns_1366&quot;:&quot;6&quot;,&quot;columns_1024&quot;:&quot;6&quot;,&quot;columns_768&quot;:&quot;3&quot;,&quot;columns_680&quot;:&quot;3&quot;,&quot;columns_480&quot;:&quot;3&quot;,&quot;space&quot;:&quot;medium&quot;,&quot;posts_per_page&quot;:&quot;9&quot;,&quot;orderby&quot;:&quot;date&quot;,&quot;order&quot;:&quot;ASC&quot;,&quot;additional_params&quot;:&quot;tax&quot;,&quot;tax&quot;:&quot;portfolio-category&quot;,&quot;layout&quot;:&quot;info-below&quot;,&quot;hover_animation_image-on-hover&quot;:&quot;change-image&quot;,&quot;hover_animation_info-below&quot;:&quot;overlay&quot;,&quot;hover_animation_info-follow&quot;:&quot;follow&quot;,&quot;hover_animation_info-on-hover&quot;:&quot;fade-in&quot;,&quot;title_tag&quot;:&quot;h5&quot;,&quot;custom_margin&quot;:&quot;no&quot;,&quot;text_center&quot;:&quot;no&quot;,&quot;enable_filter&quot;:&quot;yes&quot;,&quot;pagination_type&quot;:&quot;load-more&quot;,&quot;object_class_name&quot;:&quot;MadelynCore_Portfolio_List_Shortcode&quot;,&quot;taxonomy_filter&quot;:&quot;portfolio-category&quot;,&quot;additional_query_args&quot;:[],&quot;space_value&quot;:20}\">\n\t\t<div class=\"qodef-m-filter\">\n\t\t\t\t\t<div class=\"qodef-m-filter-items\">\n\t\t\t\t<a class=\"qodef-m-filter-item qodef--active\" href=\"#\" data-taxonomy=\"portfolio-category\" data-filter=\"*\">\n\t\t\t\t\t<span class=\"qodef-m-filter-item-name\">Show All<\/span>\n\t\t\t\t<\/a>\n\t\t\t\t\t\t\t\t\t<a class=\"qodef-m-filter-item\" href=\"#\" data-taxonomy=\"portfolio-category\" data-filter=\"cosmetica\">\n\t\t\t\t\t\t<span class=\"qodef-m-filter-item-name\">COSM\u00c9TICA<\/span>\n\t\t\t\t\t<\/a>\n\t\t\t\t\t\t\t\t\t<a class=\"qodef-m-filter-item\" href=\"#\" data-taxonomy=\"portfolio-category\" data-filter=\"it-software-2\">\n\t\t\t\t\t\t<span class=\"qodef-m-filter-item-name\">IT SOFTWARE<\/span>\n\t\t\t\t\t<\/a>\n\t\t\t\t\t\t\t\t\t<a class=\"qodef-m-filter-item\" href=\"#\" data-taxonomy=\"portfolio-category\" data-filter=\"localizacion\">\n\t\t\t\t\t\t<span class=\"qodef-m-filter-item-name\">LOCALIZACI\u00d3N<\/span>\n\t\t\t\t\t<\/a>\n\t\t\t\t\t\t\t\t\t<a class=\"qodef-m-filter-item\" href=\"#\" data-taxonomy=\"portfolio-category\" data-filter=\"marketing-es\">\n\t\t\t\t\t\t<span class=\"qodef-m-filter-item-name\">MARKETING<\/span>\n\t\t\t\t\t<\/a>\n\t\t\t\t\t\t\t\t\t<a class=\"qodef-m-filter-item\" href=\"#\" data-taxonomy=\"portfolio-category\" data-filter=\"marketing-multilingue\">\n\t\t\t\t\t\t<span class=\"qodef-m-filter-item-name\">MARKETING MULTILING\u00dcE<\/span>\n\t\t\t\t\t<\/a>\n\t\t\t\t\t\t\t\t\t<a class=\"qodef-m-filter-item\" href=\"#\" data-taxonomy=\"portfolio-category\" data-filter=\"moda\">\n\t\t\t\t\t\t<span class=\"qodef-m-filter-item-name\">MODA<\/span>\n\t\t\t\t\t<\/a>\n\t\t\t\t\t\t\t<\/div>\n\t\t\t<\/div>\n\t\t<div class=\"qodef-grid-inner clear\">\n\t\t<article class=\"qodef-e qodef-grid-item qodef-item--thumbnail post-13559 portfolio-item type-portfolio-item status-publish has-post-thumbnail hentry portfolio-category-cosmetica portfolio-category-localizacion\">\n\t<div class=\"qodef-e-inner\" >\n\t\t<div class=\"qodef-e-image\">\n\t\t\t    <div class=\"qodef-e-media-image\">\n\t\t<a itemprop=\"url\" href=\"https:\/\/kaimaralanguagehub.com\/es\/portfolio-item\/medicina-estetica\/\" target=\"_self\">\n\t\t\t<img decoding=\"async\" width=\"150\" height=\"150\" src=\"https:\/\/kaimaralanguagehub.com\/wp-content\/uploads\/2023\/04\/content-pixie-TxBQ7yLj6JU-unsplash-150x150.webp\" class=\"attachment-thumbnail size-thumbnail wp-post-image\" alt=\"\" srcset=\"https:\/\/kaimaralanguagehub.com\/wp-content\/uploads\/2023\/04\/content-pixie-TxBQ7yLj6JU-unsplash-150x150.webp 150w, https:\/\/kaimaralanguagehub.com\/wp-content\/uploads\/2023\/04\/content-pixie-TxBQ7yLj6JU-unsplash-650x650.webp 650w\" sizes=\"(max-width: 150px) 100vw, 150px\" \/>\t\t<\/a>\n\n        \t<\/div>\n\t\t<\/div>\n\t\t<div class=\"qodef-e-content\" >\n\t\t\t<div class=\"qodef-e-text\">\n\t\t\t\t<h5 itemprop=\"name\" class=\"qodef-e-title entry-title\" >\n\t<a itemprop=\"url\" class=\"qodef-e-title-link\" href=\"https:\/\/kaimaralanguagehub.com\/es\/portfolio-item\/medicina-estetica\/\" target=\"_self\">\n\t\tLocalizaci\u00f3n | Industria cosm\u00e9tica\t<\/a>\n<\/h5>\n\t\t\t<\/div>\n\t\t\t<div class=\"qodef-e-top-holder\">\n\t\t\t\t<div class=\"qodef-e-info\">\n\t\t\t\t\t\t<a href=\"https:\/\/kaimaralanguagehub.com\/es\/portfolio-category\/cosmetica\/\" rel=\"tag\">COSM\u00c9TICA<\/a><span class=\"qodef-info-separator-single\"><\/span><a href=\"https:\/\/kaimaralanguagehub.com\/es\/portfolio-category\/localizacion\/\" rel=\"tag\">LOCALIZACI\u00d3N<\/a>\t<div class=\"qodef-info-separator-end\"><\/div>\n\t\t\t\t<\/div>\n\t\t\t<\/div>\n\t\t<\/div>\n\t<\/div>\n<\/article>\n<article class=\"qodef-e qodef-grid-item qodef-item--thumbnail post-13564 portfolio-item type-portfolio-item status-publish has-post-thumbnail hentry portfolio-category-marketing-multilingue portfolio-category-moda\">\n\t<div class=\"qodef-e-inner\" >\n\t\t<div class=\"qodef-e-image\">\n\t\t\t    <div class=\"qodef-e-media-image\">\n\t\t<a itemprop=\"url\" href=\"https:\/\/kaimaralanguagehub.com\/es\/portfolio-item\/marketing-multilingue-para-ecommerce-moda\/\" target=\"_self\">\n\t\t\t<img decoding=\"async\" width=\"150\" height=\"150\" src=\"https:\/\/kaimaralanguagehub.com\/wp-content\/uploads\/2023\/04\/thom-bradley-mwa_nzFpnJw-unsplash-150x150.webp\" class=\"attachment-thumbnail size-thumbnail wp-post-image\" alt=\"\" srcset=\"https:\/\/kaimaralanguagehub.com\/wp-content\/uploads\/2023\/04\/thom-bradley-mwa_nzFpnJw-unsplash-150x150.webp 150w, https:\/\/kaimaralanguagehub.com\/wp-content\/uploads\/2023\/04\/thom-bradley-mwa_nzFpnJw-unsplash-650x650.webp 650w\" sizes=\"(max-width: 150px) 100vw, 150px\" \/>\t\t<\/a>\n\n        \t<\/div>\n\t\t<\/div>\n\t\t<div class=\"qodef-e-content\" >\n\t\t\t<div class=\"qodef-e-text\">\n\t\t\t\t<h5 itemprop=\"name\" class=\"qodef-e-title entry-title\" >\n\t<a itemprop=\"url\" class=\"qodef-e-title-link\" href=\"https:\/\/kaimaralanguagehub.com\/es\/portfolio-item\/marketing-multilingue-para-ecommerce-moda\/\" target=\"_self\">\n\t\tMarketing multiling\u00fce | e-commerce de moda\t<\/a>\n<\/h5>\n\t\t\t<\/div>\n\t\t\t<div class=\"qodef-e-top-holder\">\n\t\t\t\t<div class=\"qodef-e-info\">\n\t\t\t\t\t\t<a href=\"https:\/\/kaimaralanguagehub.com\/es\/portfolio-category\/marketing-multilingue\/\" rel=\"tag\">MARKETING MULTILING\u00dcE<\/a><span class=\"qodef-info-separator-single\"><\/span><a href=\"https:\/\/kaimaralanguagehub.com\/es\/portfolio-category\/moda\/\" rel=\"tag\">MODA<\/a>\t<div class=\"qodef-info-separator-end\"><\/div>\n\t\t\t\t<\/div>\n\t\t\t<\/div>\n\t\t<\/div>\n\t<\/div>\n<\/article>\n<article class=\"qodef-e qodef-grid-item qodef-item--thumbnail post-15514 portfolio-item type-portfolio-item status-publish has-post-thumbnail hentry portfolio-category-it-software-2\">\n\t<div class=\"qodef-e-inner\" >\n\t\t<div class=\"qodef-e-image\">\n\t\t\t    <div class=\"qodef-e-media-image\">\n\t\t<a itemprop=\"url\" href=\"https:\/\/kaimaralanguagehub.com\/es\/portfolio-item\/traduccion-tecnica-para-tecnologica-multinacional\/\" target=\"_self\">\n\t\t\t<img decoding=\"async\" width=\"150\" height=\"150\" src=\"https:\/\/kaimaralanguagehub.com\/wp-content\/uploads\/2024\/10\/DALL\u00b7E-2024-10-19-18.40.56-A-high-tech-futuristic-image-representing-IT-technology.-The-image-features-a-sleek-digital-interface-with-glowing-blue-and-green-data-streams-intri-150x150.webp\" class=\"attachment-thumbnail size-thumbnail wp-post-image\" alt=\"\" srcset=\"https:\/\/kaimaralanguagehub.com\/wp-content\/uploads\/2024\/10\/DALL\u00b7E-2024-10-19-18.40.56-A-high-tech-futuristic-image-representing-IT-technology.-The-image-features-a-sleek-digital-interface-with-glowing-blue-and-green-data-streams-intri-150x150.webp 150w, https:\/\/kaimaralanguagehub.com\/wp-content\/uploads\/2024\/10\/DALL\u00b7E-2024-10-19-18.40.56-A-high-tech-futuristic-image-representing-IT-technology.-The-image-features-a-sleek-digital-interface-with-glowing-blue-and-green-data-streams-intri-300x300.webp 300w, https:\/\/kaimaralanguagehub.com\/wp-content\/uploads\/2024\/10\/DALL\u00b7E-2024-10-19-18.40.56-A-high-tech-futuristic-image-representing-IT-technology.-The-image-features-a-sleek-digital-interface-with-glowing-blue-and-green-data-streams-intri-768x768.webp 768w, https:\/\/kaimaralanguagehub.com\/wp-content\/uploads\/2024\/10\/DALL\u00b7E-2024-10-19-18.40.56-A-high-tech-futuristic-image-representing-IT-technology.-The-image-features-a-sleek-digital-interface-with-glowing-blue-and-green-data-streams-intri-650x650.webp 650w, https:\/\/kaimaralanguagehub.com\/wp-content\/uploads\/2024\/10\/DALL\u00b7E-2024-10-19-18.40.56-A-high-tech-futuristic-image-representing-IT-technology.-The-image-features-a-sleek-digital-interface-with-glowing-blue-and-green-data-streams-intri-e1729356337949.webp 1000w\" sizes=\"(max-width: 150px) 100vw, 150px\" \/>\t\t<\/a>\n\n        \t<\/div>\n\t\t<\/div>\n\t\t<div class=\"qodef-e-content\" >\n\t\t\t<div class=\"qodef-e-text\">\n\t\t\t\t<h5 itemprop=\"name\" class=\"qodef-e-title entry-title\" >\n\t<a itemprop=\"url\" class=\"qodef-e-title-link\" href=\"https:\/\/kaimaralanguagehub.com\/es\/portfolio-item\/traduccion-tecnica-para-tecnologica-multinacional\/\" target=\"_self\">\n\t\tTraducci\u00f3n t\u00e9cnica | IT &#038; Software\t<\/a>\n<\/h5>\n\t\t\t<\/div>\n\t\t\t<div class=\"qodef-e-top-holder\">\n\t\t\t\t<div class=\"qodef-e-info\">\n\t\t\t\t\t\t<a href=\"https:\/\/kaimaralanguagehub.com\/es\/portfolio-category\/it-software-2\/\" rel=\"tag\">IT SOFTWARE<\/a>\t<div class=\"qodef-info-separator-end\"><\/div>\n\t\t\t\t<\/div>\n\t\t\t<\/div>\n\t\t<\/div>\n\t<\/div>\n<\/article>\n<article class=\"qodef-e qodef-grid-item qodef-item--thumbnail post-15536 portfolio-item type-portfolio-item status-publish has-post-thumbnail hentry portfolio-category-marketing-multilingue\">\n\t<div class=\"qodef-e-inner\" >\n\t\t<div class=\"qodef-e-image\">\n\t\t\t    <div class=\"qodef-e-media-image\">\n\t\t<a itemprop=\"url\" href=\"https:\/\/kaimaralanguagehub.com\/es\/portfolio-item\/marketing-multilingue-con-ia-fotografia-aerea\/\" target=\"_self\">\n\t\t\t<img loading=\"lazy\" decoding=\"async\" width=\"150\" height=\"150\" src=\"https:\/\/kaimaralanguagehub.com\/wp-content\/uploads\/2023\/04\/ac-sec-3-150x150.webp\" class=\"attachment-thumbnail size-thumbnail wp-post-image\" alt=\"\" srcset=\"https:\/\/kaimaralanguagehub.com\/wp-content\/uploads\/2023\/04\/ac-sec-3-150x150.webp 150w, https:\/\/kaimaralanguagehub.com\/wp-content\/uploads\/2023\/04\/ac-sec-3-650x650.webp 650w\" sizes=\"(max-width: 150px) 100vw, 150px\" \/>\t\t<\/a>\n\n        \t<\/div>\n\t\t<\/div>\n\t\t<div class=\"qodef-e-content\" >\n\t\t\t<div class=\"qodef-e-text\">\n\t\t\t\t<h5 itemprop=\"name\" class=\"qodef-e-title entry-title\" >\n\t<a itemprop=\"url\" class=\"qodef-e-title-link\" href=\"https:\/\/kaimaralanguagehub.com\/es\/portfolio-item\/marketing-multilingue-con-ia-fotografia-aerea\/\" target=\"_self\">\n\t\tMarketing multiling\u00fce con IA | fotograf\u00eda a\u00e9rea\t<\/a>\n<\/h5>\n\t\t\t<\/div>\n\t\t\t<div class=\"qodef-e-top-holder\">\n\t\t\t\t<div class=\"qodef-e-info\">\n\t\t\t\t\t\t<a href=\"https:\/\/kaimaralanguagehub.com\/es\/portfolio-category\/marketing-multilingue\/\" rel=\"tag\">MARKETING MULTILING\u00dcE<\/a>\t<div class=\"qodef-info-separator-end\"><\/div>\n\t\t\t\t<\/div>\n\t\t\t<\/div>\n\t\t<\/div>\n\t<\/div>\n<\/article>\n<article class=\"qodef-e qodef-grid-item qodef-item--thumbnail post-15604 portfolio-item type-portfolio-item status-publish has-post-thumbnail hentry\">\n\t<div class=\"qodef-e-inner\" >\n\t\t<div class=\"qodef-e-image\">\n\t\t\t    <div class=\"qodef-e-media-image\">\n\t\t<a itemprop=\"url\" href=\"https:\/\/kaimaralanguagehub.com\/es\/portfolio-item\/localizacion-multilingue-app-fitness\/\" target=\"_self\">\n\t\t\t<img loading=\"lazy\" decoding=\"async\" width=\"150\" height=\"150\" src=\"https:\/\/kaimaralanguagehub.com\/wp-content\/uploads\/2024\/10\/pexels-asphotograpy-887751-150x150.jpg\" class=\"attachment-thumbnail size-thumbnail wp-post-image\" alt=\"\" srcset=\"https:\/\/kaimaralanguagehub.com\/wp-content\/uploads\/2024\/10\/pexels-asphotograpy-887751-150x150.jpg 150w, https:\/\/kaimaralanguagehub.com\/wp-content\/uploads\/2024\/10\/pexels-asphotograpy-887751-650x650.jpg 650w, https:\/\/kaimaralanguagehub.com\/wp-content\/uploads\/2024\/10\/pexels-asphotograpy-887751-1300x1300.jpg 1300w\" sizes=\"(max-width: 150px) 100vw, 150px\" \/>\t\t<\/a>\n\n        \t<\/div>\n\t\t<\/div>\n\t\t<div class=\"qodef-e-content\" >\n\t\t\t<div class=\"qodef-e-text\">\n\t\t\t\t<h5 itemprop=\"name\" class=\"qodef-e-title entry-title\" >\n\t<a itemprop=\"url\" class=\"qodef-e-title-link\" href=\"https:\/\/kaimaralanguagehub.com\/es\/portfolio-item\/localizacion-multilingue-app-fitness\/\" target=\"_self\">\n\t\tLocalizaci\u00f3n multiling\u00fce | app fitness\t<\/a>\n<\/h5>\n\t\t\t<\/div>\n\t\t\t<div class=\"qodef-e-top-holder\">\n\t\t\t\t<div class=\"qodef-e-info\">\n\t\t\t\t\t\t\t\t\t<\/div>\n\t\t\t<\/div>\n\t\t<\/div>\n\t<\/div>\n<\/article>\n\t<\/div>\n\t<\/div>\n\t\t\t\t<\/div>\n\t\t\t\t<\/div>\n\t\t\t\t\t<\/div>\n\t\t<\/div>\n\t\t\t\t\t<\/div>\n\t\t<\/section>\n\t\t\t\t<\/div>\n\t\t","protected":false},"excerpt":{"rendered":"<p>Show All COSM\u00c9TICA IT SOFTWARE MARKETING MODA Localizaci\u00f3n para la industria cosm\u00e9tica COSM\u00c9TICA Marketing Multiling\u00fce para e-commerce de moda MARKETINGMODA Traducci\u00f3n t\u00e9cnica de software IT SOFTWARE Marketing multiling\u00fce con IA | sector fotogr\u00e1fico MARKETING<\/p>\n","protected":false},"author":1,"featured_media":14334,"parent":0,"menu_order":0,"comment_status":"closed","ping_status":"closed","template":"","meta":{"_uf_show_specific_survey":0,"_uf_disable_surveys":false,"footnotes":""},"class_list":["post-14368","page","type-page","status-publish","has-post-thumbnail","hentry"],"yoast_head":"<!-- This site is optimized with the Yoast SEO plugin v27.4 - https:\/\/yoast.com\/product\/yoast-seo-wordpress\/ -->\n<title>Soluciones ling\u00fc\u00edsticas para empresas globales | Kaimara<\/title>\n<meta name=\"description\" content=\"Explora nuestros casos de \u00e9xito y descubre c\u00f3mo nuestras soluciones ling\u00fc\u00edsticas ayudan a la expansi\u00f3n global de las empresas.\" \/>\n<meta name=\"robots\" content=\"index, follow, max-snippet:-1, max-image-preview:large, max-video-preview:-1\" \/>\n<link rel=\"canonical\" href=\"https:\/\/kaimaralanguagehub.com\/es\/casos-de-exito-kosmos-lingua\/\" \/>\n<meta property=\"og:locale\" content=\"es_ES\" \/>\n<meta property=\"og:type\" content=\"article\" \/>\n<meta property=\"og:title\" content=\"Soluciones ling\u00fc\u00edsticas para empresas globales | Kaimara\" \/>\n<meta property=\"og:description\" content=\"Explora nuestros casos de \u00e9xito y descubre c\u00f3mo nuestras soluciones ling\u00fc\u00edsticas ayudan a la expansi\u00f3n global de las empresas.\" \/>\n<meta property=\"og:url\" content=\"https:\/\/kaimaralanguagehub.com\/es\/casos-de-exito-kosmos-lingua\/\" \/>\n<meta property=\"og:site_name\" content=\"Kaimara\" \/>\n<meta property=\"article:modified_time\" content=\"2025-09-29T18:25:06+00:00\" \/>\n<meta property=\"og:image\" content=\"https:\/\/kaimaralanguagehub.com\/wp-content\/uploads\/2024\/02\/marvin-meyer-SYTO3xs06fU-unsplash-1.jpg\" \/>\n\t<meta property=\"og:image:width\" content=\"640\" \/>\n\t<meta property=\"og:image:height\" content=\"427\" \/>\n\t<meta property=\"og:image:type\" content=\"image\/jpeg\" \/>\n<meta name=\"twitter:card\" content=\"summary_large_image\" \/>\n<meta name=\"twitter:label1\" content=\"Tiempo de lectura\" \/>\n\t<meta name=\"twitter:data1\" content=\"2 minutos\" \/>\n<script type=\"application\/ld+json\" class=\"yoast-schema-graph\">{\"@context\":\"https:\\\/\\\/schema.org\",\"@graph\":[{\"@type\":\"WebPage\",\"@id\":\"https:\\\/\\\/kaimaralanguagehub.com\\\/es\\\/casos-de-exito-kosmos-lingua\\\/\",\"url\":\"https:\\\/\\\/kaimaralanguagehub.com\\\/es\\\/casos-de-exito-kosmos-lingua\\\/\",\"name\":\"Soluciones ling\u00fc\u00edsticas para empresas globales | Kaimara\",\"isPartOf\":{\"@id\":\"https:\\\/\\\/kaimaralanguagehub.com\\\/#website\"},\"primaryImageOfPage\":{\"@id\":\"https:\\\/\\\/kaimaralanguagehub.com\\\/es\\\/casos-de-exito-kosmos-lingua\\\/#primaryimage\"},\"image\":{\"@id\":\"https:\\\/\\\/kaimaralanguagehub.com\\\/es\\\/casos-de-exito-kosmos-lingua\\\/#primaryimage\"},\"thumbnailUrl\":\"https:\\\/\\\/kaimaralanguagehub.com\\\/wp-content\\\/uploads\\\/2024\\\/02\\\/marvin-meyer-SYTO3xs06fU-unsplash-1.jpg\",\"datePublished\":\"2024-04-05T15:08:54+00:00\",\"dateModified\":\"2025-09-29T18:25:06+00:00\",\"description\":\"Explora nuestros casos de \u00e9xito y descubre c\u00f3mo nuestras soluciones ling\u00fc\u00edsticas ayudan a la expansi\u00f3n global de las empresas.\",\"breadcrumb\":{\"@id\":\"https:\\\/\\\/kaimaralanguagehub.com\\\/es\\\/casos-de-exito-kosmos-lingua\\\/#breadcrumb\"},\"inLanguage\":\"es\",\"potentialAction\":[{\"@type\":\"ReadAction\",\"target\":[\"https:\\\/\\\/kaimaralanguagehub.com\\\/es\\\/casos-de-exito-kosmos-lingua\\\/\"]}]},{\"@type\":\"ImageObject\",\"inLanguage\":\"es\",\"@id\":\"https:\\\/\\\/kaimaralanguagehub.com\\\/es\\\/casos-de-exito-kosmos-lingua\\\/#primaryimage\",\"url\":\"https:\\\/\\\/kaimaralanguagehub.com\\\/wp-content\\\/uploads\\\/2024\\\/02\\\/marvin-meyer-SYTO3xs06fU-unsplash-1.jpg\",\"contentUrl\":\"https:\\\/\\\/kaimaralanguagehub.com\\\/wp-content\\\/uploads\\\/2024\\\/02\\\/marvin-meyer-SYTO3xs06fU-unsplash-1.jpg\",\"width\":640,\"height\":427},{\"@type\":\"BreadcrumbList\",\"@id\":\"https:\\\/\\\/kaimaralanguagehub.com\\\/es\\\/casos-de-exito-kosmos-lingua\\\/#breadcrumb\",\"itemListElement\":[{\"@type\":\"ListItem\",\"position\":1,\"name\":\"Home\",\"item\":\"https:\\\/\\\/kaimaralanguagehub.com\\\/es\\\/\"},{\"@type\":\"ListItem\",\"position\":2,\"name\":\"CASOS DE \u00c9XITO\"}]},{\"@type\":\"WebSite\",\"@id\":\"https:\\\/\\\/kaimaralanguagehub.com\\\/#website\",\"url\":\"https:\\\/\\\/kaimaralanguagehub.com\\\/\",\"name\":\"Kaimara\",\"description\":\"I help you to break into new markets and drive global growth.\",\"publisher\":{\"@id\":\"https:\\\/\\\/kaimaralanguagehub.com\\\/#organization\"},\"potentialAction\":[{\"@type\":\"SearchAction\",\"target\":{\"@type\":\"EntryPoint\",\"urlTemplate\":\"https:\\\/\\\/kaimaralanguagehub.com\\\/?s={search_term_string}\"},\"query-input\":{\"@type\":\"PropertyValueSpecification\",\"valueRequired\":true,\"valueName\":\"search_term_string\"}}],\"inLanguage\":\"es\"},{\"@type\":\"Organization\",\"@id\":\"https:\\\/\\\/kaimaralanguagehub.com\\\/#organization\",\"name\":\"Kaimara\",\"url\":\"https:\\\/\\\/kaimaralanguagehub.com\\\/\",\"logo\":{\"@type\":\"ImageObject\",\"inLanguage\":\"es\",\"@id\":\"https:\\\/\\\/kaimaralanguagehub.com\\\/#\\\/schema\\\/logo\\\/image\\\/\",\"url\":\"https:\\\/\\\/kaimaralanguagehub.com\\\/wp-content\\\/uploads\\\/2025\\\/09\\\/Color-logo-no-background-scaled.png\",\"contentUrl\":\"https:\\\/\\\/kaimaralanguagehub.com\\\/wp-content\\\/uploads\\\/2025\\\/09\\\/Color-logo-no-background-scaled.png\",\"width\":2560,\"height\":919,\"caption\":\"Kaimara\"},\"image\":{\"@id\":\"https:\\\/\\\/kaimaralanguagehub.com\\\/#\\\/schema\\\/logo\\\/image\\\/\"},\"sameAs\":[\"https:\\\/\\\/www.instagram.com\\\/panarello_translation_studio\\\/\",\"https:\\\/\\\/www.linkedin.com\\\/in\\\/annacristinapanarello\\\/\"]}]}<\/script>\n<!-- \/ Yoast SEO plugin. -->","yoast_head_json":{"title":"Soluciones ling\u00fc\u00edsticas para empresas globales | Kaimara","description":"Explora nuestros casos de \u00e9xito y descubre c\u00f3mo nuestras soluciones ling\u00fc\u00edsticas ayudan a la expansi\u00f3n global de las empresas.","robots":{"index":"index","follow":"follow","max-snippet":"max-snippet:-1","max-image-preview":"max-image-preview:large","max-video-preview":"max-video-preview:-1"},"canonical":"https:\/\/kaimaralanguagehub.com\/es\/casos-de-exito-kosmos-lingua\/","og_locale":"es_ES","og_type":"article","og_title":"Soluciones ling\u00fc\u00edsticas para empresas globales | Kaimara","og_description":"Explora nuestros casos de \u00e9xito y descubre c\u00f3mo nuestras soluciones ling\u00fc\u00edsticas ayudan a la expansi\u00f3n global de las empresas.","og_url":"https:\/\/kaimaralanguagehub.com\/es\/casos-de-exito-kosmos-lingua\/","og_site_name":"Kaimara","article_modified_time":"2025-09-29T18:25:06+00:00","og_image":[{"width":640,"height":427,"url":"https:\/\/kaimaralanguagehub.com\/wp-content\/uploads\/2024\/02\/marvin-meyer-SYTO3xs06fU-unsplash-1.jpg","type":"image\/jpeg"}],"twitter_card":"summary_large_image","twitter_misc":{"Tiempo de lectura":"2 minutos"},"schema":{"@context":"https:\/\/schema.org","@graph":[{"@type":"WebPage","@id":"https:\/\/kaimaralanguagehub.com\/es\/casos-de-exito-kosmos-lingua\/","url":"https:\/\/kaimaralanguagehub.com\/es\/casos-de-exito-kosmos-lingua\/","name":"Soluciones ling\u00fc\u00edsticas para empresas globales | Kaimara","isPartOf":{"@id":"https:\/\/kaimaralanguagehub.com\/#website"},"primaryImageOfPage":{"@id":"https:\/\/kaimaralanguagehub.com\/es\/casos-de-exito-kosmos-lingua\/#primaryimage"},"image":{"@id":"https:\/\/kaimaralanguagehub.com\/es\/casos-de-exito-kosmos-lingua\/#primaryimage"},"thumbnailUrl":"https:\/\/kaimaralanguagehub.com\/wp-content\/uploads\/2024\/02\/marvin-meyer-SYTO3xs06fU-unsplash-1.jpg","datePublished":"2024-04-05T15:08:54+00:00","dateModified":"2025-09-29T18:25:06+00:00","description":"Explora nuestros casos de \u00e9xito y descubre c\u00f3mo nuestras soluciones ling\u00fc\u00edsticas ayudan a la expansi\u00f3n global de las empresas.","breadcrumb":{"@id":"https:\/\/kaimaralanguagehub.com\/es\/casos-de-exito-kosmos-lingua\/#breadcrumb"},"inLanguage":"es","potentialAction":[{"@type":"ReadAction","target":["https:\/\/kaimaralanguagehub.com\/es\/casos-de-exito-kosmos-lingua\/"]}]},{"@type":"ImageObject","inLanguage":"es","@id":"https:\/\/kaimaralanguagehub.com\/es\/casos-de-exito-kosmos-lingua\/#primaryimage","url":"https:\/\/kaimaralanguagehub.com\/wp-content\/uploads\/2024\/02\/marvin-meyer-SYTO3xs06fU-unsplash-1.jpg","contentUrl":"https:\/\/kaimaralanguagehub.com\/wp-content\/uploads\/2024\/02\/marvin-meyer-SYTO3xs06fU-unsplash-1.jpg","width":640,"height":427},{"@type":"BreadcrumbList","@id":"https:\/\/kaimaralanguagehub.com\/es\/casos-de-exito-kosmos-lingua\/#breadcrumb","itemListElement":[{"@type":"ListItem","position":1,"name":"Home","item":"https:\/\/kaimaralanguagehub.com\/es\/"},{"@type":"ListItem","position":2,"name":"CASOS DE \u00c9XITO"}]},{"@type":"WebSite","@id":"https:\/\/kaimaralanguagehub.com\/#website","url":"https:\/\/kaimaralanguagehub.com\/","name":"Kaimara","description":"I help you to break into new markets and drive global growth.","publisher":{"@id":"https:\/\/kaimaralanguagehub.com\/#organization"},"potentialAction":[{"@type":"SearchAction","target":{"@type":"EntryPoint","urlTemplate":"https:\/\/kaimaralanguagehub.com\/?s={search_term_string}"},"query-input":{"@type":"PropertyValueSpecification","valueRequired":true,"valueName":"search_term_string"}}],"inLanguage":"es"},{"@type":"Organization","@id":"https:\/\/kaimaralanguagehub.com\/#organization","name":"Kaimara","url":"https:\/\/kaimaralanguagehub.com\/","logo":{"@type":"ImageObject","inLanguage":"es","@id":"https:\/\/kaimaralanguagehub.com\/#\/schema\/logo\/image\/","url":"https:\/\/kaimaralanguagehub.com\/wp-content\/uploads\/2025\/09\/Color-logo-no-background-scaled.png","contentUrl":"https:\/\/kaimaralanguagehub.com\/wp-content\/uploads\/2025\/09\/Color-logo-no-background-scaled.png","width":2560,"height":919,"caption":"Kaimara"},"image":{"@id":"https:\/\/kaimaralanguagehub.com\/#\/schema\/logo\/image\/"},"sameAs":["https:\/\/www.instagram.com\/panarello_translation_studio\/","https:\/\/www.linkedin.com\/in\/annacristinapanarello\/"]}]}},"_links":{"self":[{"href":"https:\/\/kaimaralanguagehub.com\/es\/wp-json\/wp\/v2\/pages\/14368","targetHints":{"allow":["GET"]}}],"collection":[{"href":"https:\/\/kaimaralanguagehub.com\/es\/wp-json\/wp\/v2\/pages"}],"about":[{"href":"https:\/\/kaimaralanguagehub.com\/es\/wp-json\/wp\/v2\/types\/page"}],"author":[{"embeddable":true,"href":"https:\/\/kaimaralanguagehub.com\/es\/wp-json\/wp\/v2\/users\/1"}],"replies":[{"embeddable":true,"href":"https:\/\/kaimaralanguagehub.com\/es\/wp-json\/wp\/v2\/comments?post=14368"}],"version-history":[{"count":13,"href":"https:\/\/kaimaralanguagehub.com\/es\/wp-json\/wp\/v2\/pages\/14368\/revisions"}],"predecessor-version":[{"id":15582,"href":"https:\/\/kaimaralanguagehub.com\/es\/wp-json\/wp\/v2\/pages\/14368\/revisions\/15582"}],"wp:featuredmedia":[{"embeddable":true,"href":"https:\/\/kaimaralanguagehub.com\/es\/wp-json\/wp\/v2\/media\/14334"}],"wp:attachment":[{"href":"https:\/\/kaimaralanguagehub.com\/es\/wp-json\/wp\/v2\/media?parent=14368"}],"curies":[{"name":"wp","href":"https:\/\/api.w.org\/{rel}","templated":true}]}}