{"id":14285,"date":"2024-01-15T15:48:27","date_gmt":"2024-01-15T15:48:27","guid":{"rendered":"https:\/\/kaimaralanguagehub.com\/prueba\/"},"modified":"2024-02-21T10:00:47","modified_gmt":"2024-02-21T10:00:47","slug":"unete-nosotros","status":"publish","type":"page","link":"https:\/\/kaimaralanguagehub.com\/es\/unete-nosotros\/","title":{"rendered":"\u00daNETE A NOSOTROS"},"content":{"rendered":"\t\t<div data-elementor-type=\"wp-page\" data-elementor-id=\"14285\" class=\"elementor elementor-14285 elementor-14136\">\n\t\t\t\t\t\t<section class=\"elementor-section elementor-top-section elementor-element elementor-element-e72bfd7 elementor-section-boxed elementor-section-height-default elementor-section-height-default qodef-elementor-content-no qodef-elementor-back-btn-skin-default qodef-section-title-text-holder-no qodef-section-line-animation-holder-no\" data-id=\"e72bfd7\" data-element_type=\"section\" data-e-type=\"section\">\n\t\t\t\t\t\t<div class=\"elementor-container elementor-column-gap-default\">\n\t\t\t\t\t<div class=\"elementor-column elementor-col-100 elementor-top-column elementor-element elementor-element-0d0832c\" data-id=\"0d0832c\" data-element_type=\"column\" data-e-type=\"column\">\n\t\t\t<div class=\"elementor-widget-wrap elementor-element-populated\">\n\t\t\t\t\t\t<div class=\"elementor-element elementor-element-206158b elementor-widget elementor-widget-text-editor\" data-id=\"206158b\" data-element_type=\"widget\" data-e-type=\"widget\" data-widget_type=\"text-editor.default\">\n\t\t\t\t<div class=\"elementor-widget-container\">\n\t\t\t\t\t\t\t\t\t<p>\u00bfQuieres formar parte de nuestro equipo de ling\u00fcistas profesionales altamente cualificados?<\/p><p>Si te has especializado en uno o m\u00e1s sectores entre los que caracterizan nuestro Estudio de traducci\u00f3n, rellena el formulario y d\u00e9janos un mensaje.<\/p><p>\u00a0<\/p>\t\t\t\t\t\t\t\t<\/div>\n\t\t\t\t<\/div>\n\t\t\t\t\t<\/div>\n\t\t<\/div>\n\t\t\t\t\t<\/div>\n\t\t<\/section>\n\t\t\t\t<section class=\"elementor-section elementor-top-section elementor-element elementor-element-ab10461 elementor-section-boxed elementor-section-height-default elementor-section-height-default qodef-elementor-content-no qodef-elementor-back-btn-skin-default qodef-section-title-text-holder-no qodef-section-line-animation-holder-no\" data-id=\"ab10461\" data-element_type=\"section\" data-e-type=\"section\">\n\t\t\t\t\t\t<div class=\"elementor-container elementor-column-gap-default\">\n\t\t\t\t\t<div class=\"elementor-column elementor-col-100 elementor-top-column elementor-element elementor-element-8dc0c58\" data-id=\"8dc0c58\" data-element_type=\"column\" data-e-type=\"column\">\n\t\t\t<div class=\"elementor-widget-wrap elementor-element-populated\">\n\t\t\t\t\t\t<div class=\"elementor-element elementor-element-a640c52 elementor-widget elementor-widget-qi_addons_for_elementor_contact_form_7\" data-id=\"a640c52\" data-element_type=\"widget\" data-e-type=\"widget\" data-widget_type=\"qi_addons_for_elementor_contact_form_7.default\">\n\t\t\t\t<div class=\"elementor-widget-container\">\n\t\t\t\t\t<div class=\"qodef-shortcode qodef-m qodef-qi-contact-form-7\">\n\t\n<div class=\"wpcf7 no-js\" id=\"wpcf7-f14141-o1\" lang=\"en-US\" dir=\"ltr\" data-wpcf7-id=\"14141\">\n<div class=\"screen-reader-response\"><p role=\"status\" aria-live=\"polite\" aria-atomic=\"true\"><\/p> <ul><\/ul><\/div>\n<form action=\"\/es\/wp-json\/wp\/v2\/pages\/14285#wpcf7-f14141-o1\" method=\"post\" class=\"wpcf7-form init\" aria-label=\"Contact form\" enctype=\"multipart\/form-data\" novalidate=\"novalidate\" data-status=\"init\">\n<fieldset class=\"hidden-fields-container\"><input type=\"hidden\" name=\"_wpcf7\" value=\"14141\" \/><input type=\"hidden\" name=\"_wpcf7_version\" value=\"6.1.5\" \/><input type=\"hidden\" name=\"_wpcf7_locale\" value=\"en_US\" \/><input type=\"hidden\" name=\"_wpcf7_unit_tag\" value=\"wpcf7-f14141-o1\" \/><input type=\"hidden\" name=\"_wpcf7_container_post\" value=\"0\" \/><input type=\"hidden\" name=\"_wpcf7_posted_data_hash\" value=\"\" \/>\n<\/fieldset>\n<label> Nombre y apellidos *\n    <span class=\"wpcf7-form-control-wrap\" data-name=\"nombre\"><input size=\"40\" maxlength=\"400\" class=\"wpcf7-form-control wpcf7-text wpcf7-validates-as-required\" autocomplete=\"name\" aria-required=\"true\" aria-invalid=\"false\" value=\"\" type=\"text\" name=\"nombre\" \/><\/span> <\/label>\n\n<label> E-mail *\n    <span class=\"wpcf7-form-control-wrap\" data-name=\"email\"><input size=\"40\" maxlength=\"400\" class=\"wpcf7-form-control wpcf7-email wpcf7-validates-as-required wpcf7-text wpcf7-validates-as-email\" autocomplete=\"email\" aria-required=\"true\" aria-invalid=\"false\" value=\"\" type=\"email\" name=\"email\" \/><\/span> <\/label>\n\n<label> Perfil *\n    <span class=\"wpcf7-form-control-wrap\" data-name=\"Perfil\"><select class=\"wpcf7-form-control wpcf7-select wpcf7-validates-as-required\" aria-required=\"true\" aria-invalid=\"false\" multiple=\"multiple\" name=\"Perfil[]\"><option value=\"Language Trainer\">Language Trainer<\/option><option value=\"AI Language Trainer\">AI Language Trainer<\/option><option value=\"Language Content Creator\">Language Content Creator<\/option><\/select><\/span> <\/label>\n\n<label> Idioma nativo *\n    <span class=\"wpcf7-form-control-wrap\" data-name=\"idioma\"><input size=\"40\" maxlength=\"400\" class=\"wpcf7-form-control wpcf7-text wpcf7-validates-as-required\" aria-required=\"true\" aria-invalid=\"false\" value=\"\" type=\"text\" name=\"idioma\" \/><\/span> <\/label>\n\n<label> Idiomas que ense\u00f1as *\n    <span class=\"wpcf7-form-control-wrap\" data-name=\"idiomas\"><select class=\"wpcf7-form-control wpcf7-select\" aria-invalid=\"false\" multiple=\"multiple\" name=\"idiomas[]\"><option value=\"Ingl\u00e9s\">Ingl\u00e9s<\/option><option value=\"Espa\u00f1ol\">Espa\u00f1ol<\/option><option value=\"Italiano\">Italiano<\/option><option value=\"Franc\u00e9s\">Franc\u00e9s<\/option><option value=\"Alem\u00e1n\">Alem\u00e1n<\/option><option value=\"Portugu\u00e9s (PT)\">Portugu\u00e9s (PT)<\/option><option value=\"Portugu\u00e9s (BR)\">Portugu\u00e9s (BR)<\/option><option value=\"Otro\">Otro<\/option><\/select><\/span> <\/label>\n\n<label> \u00c1rea que ense\u00f1as *\n    <span class=\"wpcf7-form-control-wrap\" data-name=\"areas\"><select class=\"wpcf7-form-control wpcf7-select\" aria-invalid=\"false\" multiple=\"multiple\" name=\"areas[]\"><option value=\"General\">General<\/option><option value=\"Business\">Business<\/option><option value=\"Legal\">Legal<\/option><option value=\"Finance\">Finance<\/option><option value=\"Otra\">Otra<\/option><\/select><\/span> <\/label>\n\n<label> Adjuntar CV *\n    <span class=\"wpcf7-form-control-wrap\" data-name=\"CV\"><input size=\"40\" class=\"wpcf7-form-control wpcf7-file wpcf7-validates-as-required\" accept=\".doc,.pdf,.docx\" aria-required=\"true\" aria-invalid=\"false\" type=\"file\" name=\"CV\" \/><\/span> <\/label>\n\n<label> Mensaje \/ Nota (opcional)\n    <span class=\"wpcf7-form-control-wrap\" data-name=\"your-message\"><textarea cols=\"40\" rows=\"10\" maxlength=\"2000\" class=\"wpcf7-form-control wpcf7-textarea\" aria-invalid=\"false\" name=\"your-message\"><\/textarea><\/span> <\/label>\n\n<span class=\"wpcf7-form-control-wrap\" data-name=\"acceptance-774\"><span class=\"wpcf7-form-control wpcf7-acceptance\"><span class=\"wpcf7-list-item\"><label><input type=\"checkbox\" name=\"acceptance-774\" value=\"1\" aria-invalid=\"false\" \/><span class=\"wpcf7-list-item-label\">He le\u00eddo y acepto la <a href=\"https:\/\/kaimaralanguagehub.com\/privacy-policy\/\">Pol\u00edtica de Privacidad<\/a><\/span><\/label><\/span><\/span><\/span> \n\n<button class=\"wpcf7-form-control wpcf7-submit qodef-button qodef-size--normal qodef-layout--filled qodef-m\" type=\"submit\"><span class=\"qodef-m-text\">Enviar<\/span><\/button><div class=\"wpcf7-response-output\" aria-hidden=\"true\"><\/div>\n<\/form>\n<\/div>\n<\/div>\n\t\t\t\t<\/div>\n\t\t\t\t<\/div>\n\t\t\t\t\t<\/div>\n\t\t<\/div>\n\t\t\t\t\t<\/div>\n\t\t<\/section>\n\t\t\t\t<section class=\"elementor-section elementor-top-section elementor-element elementor-element-106ec31 elementor-section-boxed elementor-section-height-default elementor-section-height-default qodef-elementor-content-no qodef-elementor-back-btn-skin-default qodef-section-title-text-holder-no qodef-section-line-animation-holder-no\" data-id=\"106ec31\" data-element_type=\"section\" data-e-type=\"section\">\n\t\t\t\t\t\t<div class=\"elementor-container elementor-column-gap-default\">\n\t\t\t\t\t<div class=\"elementor-column elementor-col-100 elementor-top-column elementor-element elementor-element-f32a0b8\" data-id=\"f32a0b8\" data-element_type=\"column\" data-e-type=\"column\">\n\t\t\t<div class=\"elementor-widget-wrap\">\n\t\t\t\t\t\t\t<\/div>\n\t\t<\/div>\n\t\t\t\t\t<\/div>\n\t\t<\/section>\n\t\t\t\t<section class=\"elementor-section elementor-top-section elementor-element elementor-element-16f4d2c elementor-section-boxed elementor-section-height-default elementor-section-height-default qodef-elementor-content-no qodef-elementor-back-btn-skin-default qodef-section-title-text-holder-no qodef-section-line-animation-holder-no\" data-id=\"16f4d2c\" data-element_type=\"section\" data-e-type=\"section\">\n\t\t\t\t\t\t<div class=\"elementor-container elementor-column-gap-default\">\n\t\t\t\t\t<div class=\"elementor-column elementor-col-100 elementor-top-column elementor-element elementor-element-93ec7bf\" data-id=\"93ec7bf\" data-element_type=\"column\" data-e-type=\"column\">\n\t\t\t<div class=\"elementor-widget-wrap elementor-element-populated\">\n\t\t\t\t\t\t<div class=\"elementor-element elementor-element-15edc52 elementor-widget elementor-widget-spacer\" data-id=\"15edc52\" data-element_type=\"widget\" data-e-type=\"widget\" data-widget_type=\"spacer.default\">\n\t\t\t\t<div class=\"elementor-widget-container\">\n\t\t\t\t\t\t\t<div class=\"elementor-spacer\">\n\t\t\t<div class=\"elementor-spacer-inner\"><\/div>\n\t\t<\/div>\n\t\t\t\t\t\t<\/div>\n\t\t\t\t<\/div>\n\t\t\t\t\t<\/div>\n\t\t<\/div>\n\t\t\t\t\t<\/div>\n\t\t<\/section>\n\t\t\t\t<\/div>\n\t\t","protected":false},"excerpt":{"rendered":"<p>\u00bfQuieres formar parte de nuestro equipo de ling\u00fcistas profesionales altamente cualificados? Si te has especializado en uno o m\u00e1s sectores entre los que caracterizan nuestro Estudio de traducci\u00f3n, rellena el formulario y d\u00e9janos un mensaje. \u00a0 Nombre y apellidos* E-mail* Perfil * TraductorInt\u00e9rpreteCopywriter Idioma nativo * Especialidad GeneralModaCosm\u00e9ticaFarmac\u00e9uticaTurismoMarketingTecnolog\u00edaE-commerce Adjuntar CV * _______________________________ Mensaje\/ Nota (opcional) [&hellip;]<\/p>\n","protected":false},"author":1,"featured_media":15937,"parent":0,"menu_order":0,"comment_status":"closed","ping_status":"closed","template":"","meta":{"_uf_show_specific_survey":0,"_uf_disable_surveys":false,"footnotes":""},"class_list":["post-14285","page","type-page","status-publish","has-post-thumbnail","hentry"],"yoast_head":"<!-- This site is optimized with the Yoast SEO plugin v27.4 - https:\/\/yoast.com\/product\/yoast-seo-wordpress\/ -->\n<title>\u00daNETE A NOSOTROS - Kaimara<\/title>\n<meta name=\"robots\" content=\"index, follow, max-snippet:-1, max-image-preview:large, max-video-preview:-1\" \/>\n<link rel=\"canonical\" href=\"https:\/\/kaimaralanguagehub.com\/es\/unete-nosotros\/\" \/>\n<meta property=\"og:locale\" content=\"es_ES\" \/>\n<meta property=\"og:type\" content=\"article\" \/>\n<meta property=\"og:title\" content=\"\u00daNETE A NOSOTROS - Kaimara\" \/>\n<meta property=\"og:description\" content=\"\u00bfQuieres formar parte de nuestro equipo de ling\u00fcistas profesionales altamente cualificados? Si te has especializado en uno o m\u00e1s sectores entre los que caracterizan nuestro Estudio de traducci\u00f3n, rellena el formulario y d\u00e9janos un mensaje. \u00a0 Nombre y apellidos* E-mail* Perfil * TraductorInt\u00e9rpreteCopywriter Idioma nativo * Especialidad GeneralModaCosm\u00e9ticaFarmac\u00e9uticaTurismoMarketingTecnolog\u00edaE-commerce Adjuntar CV * _______________________________ Mensaje\/ Nota (opcional) [&hellip;]\" \/>\n<meta property=\"og:url\" content=\"https:\/\/kaimaralanguagehub.com\/es\/unete-nosotros\/\" \/>\n<meta property=\"og:site_name\" content=\"Kaimara\" \/>\n<meta property=\"article:modified_time\" content=\"2024-02-21T10:00:47+00:00\" \/>\n<meta name=\"twitter:card\" content=\"summary_large_image\" \/>\n<meta name=\"twitter:label1\" content=\"Tiempo de lectura\" \/>\n\t<meta name=\"twitter:data1\" content=\"1 minuto\" \/>\n<script type=\"application\/ld+json\" class=\"yoast-schema-graph\">{\"@context\":\"https:\\\/\\\/schema.org\",\"@graph\":[{\"@type\":\"WebPage\",\"@id\":\"https:\\\/\\\/kaimaralanguagehub.com\\\/es\\\/unete-nosotros\\\/\",\"url\":\"https:\\\/\\\/kaimaralanguagehub.com\\\/es\\\/unete-nosotros\\\/\",\"name\":\"\u00daNETE A NOSOTROS - Kaimara\",\"isPartOf\":{\"@id\":\"https:\\\/\\\/kaimaralanguagehub.com\\\/#website\"},\"primaryImageOfPage\":{\"@id\":\"https:\\\/\\\/kaimaralanguagehub.com\\\/es\\\/unete-nosotros\\\/#primaryimage\"},\"image\":{\"@id\":\"https:\\\/\\\/kaimaralanguagehub.com\\\/es\\\/unete-nosotros\\\/#primaryimage\"},\"thumbnailUrl\":\"https:\\\/\\\/kaimaralanguagehub.com\\\/wp-content\\\/uploads\\\/2025\\\/09\\\/Social_Profile.png\",\"datePublished\":\"2024-01-15T15:48:27+00:00\",\"dateModified\":\"2024-02-21T10:00:47+00:00\",\"breadcrumb\":{\"@id\":\"https:\\\/\\\/kaimaralanguagehub.com\\\/es\\\/unete-nosotros\\\/#breadcrumb\"},\"inLanguage\":\"es\",\"potentialAction\":[{\"@type\":\"ReadAction\",\"target\":[\"https:\\\/\\\/kaimaralanguagehub.com\\\/es\\\/unete-nosotros\\\/\"]}]},{\"@type\":\"ImageObject\",\"inLanguage\":\"es\",\"@id\":\"https:\\\/\\\/kaimaralanguagehub.com\\\/es\\\/unete-nosotros\\\/#primaryimage\",\"url\":\"https:\\\/\\\/kaimaralanguagehub.com\\\/wp-content\\\/uploads\\\/2025\\\/09\\\/Social_Profile.png\",\"contentUrl\":\"https:\\\/\\\/kaimaralanguagehub.com\\\/wp-content\\\/uploads\\\/2025\\\/09\\\/Social_Profile.png\",\"width\":1080,\"height\":1080},{\"@type\":\"BreadcrumbList\",\"@id\":\"https:\\\/\\\/kaimaralanguagehub.com\\\/es\\\/unete-nosotros\\\/#breadcrumb\",\"itemListElement\":[{\"@type\":\"ListItem\",\"position\":1,\"name\":\"Home\",\"item\":\"https:\\\/\\\/kaimaralanguagehub.com\\\/es\\\/\"},{\"@type\":\"ListItem\",\"position\":2,\"name\":\"\u00daNETE A NOSOTROS\"}]},{\"@type\":\"WebSite\",\"@id\":\"https:\\\/\\\/kaimaralanguagehub.com\\\/#website\",\"url\":\"https:\\\/\\\/kaimaralanguagehub.com\\\/\",\"name\":\"Kaimara\",\"description\":\"I help you to break into new markets and drive global growth.\",\"publisher\":{\"@id\":\"https:\\\/\\\/kaimaralanguagehub.com\\\/#organization\"},\"potentialAction\":[{\"@type\":\"SearchAction\",\"target\":{\"@type\":\"EntryPoint\",\"urlTemplate\":\"https:\\\/\\\/kaimaralanguagehub.com\\\/?s={search_term_string}\"},\"query-input\":{\"@type\":\"PropertyValueSpecification\",\"valueRequired\":true,\"valueName\":\"search_term_string\"}}],\"inLanguage\":\"es\"},{\"@type\":\"Organization\",\"@id\":\"https:\\\/\\\/kaimaralanguagehub.com\\\/#organization\",\"name\":\"Kaimara\",\"url\":\"https:\\\/\\\/kaimaralanguagehub.com\\\/\",\"logo\":{\"@type\":\"ImageObject\",\"inLanguage\":\"es\",\"@id\":\"https:\\\/\\\/kaimaralanguagehub.com\\\/#\\\/schema\\\/logo\\\/image\\\/\",\"url\":\"https:\\\/\\\/kaimaralanguagehub.com\\\/wp-content\\\/uploads\\\/2025\\\/09\\\/Color-logo-no-background-scaled.png\",\"contentUrl\":\"https:\\\/\\\/kaimaralanguagehub.com\\\/wp-content\\\/uploads\\\/2025\\\/09\\\/Color-logo-no-background-scaled.png\",\"width\":2560,\"height\":919,\"caption\":\"Kaimara\"},\"image\":{\"@id\":\"https:\\\/\\\/kaimaralanguagehub.com\\\/#\\\/schema\\\/logo\\\/image\\\/\"},\"sameAs\":[\"https:\\\/\\\/www.instagram.com\\\/panarello_translation_studio\\\/\",\"https:\\\/\\\/www.linkedin.com\\\/in\\\/annacristinapanarello\\\/\"]}]}<\/script>\n<!-- \/ Yoast SEO plugin. -->","yoast_head_json":{"title":"\u00daNETE A NOSOTROS - Kaimara","robots":{"index":"index","follow":"follow","max-snippet":"max-snippet:-1","max-image-preview":"max-image-preview:large","max-video-preview":"max-video-preview:-1"},"canonical":"https:\/\/kaimaralanguagehub.com\/es\/unete-nosotros\/","og_locale":"es_ES","og_type":"article","og_title":"\u00daNETE A NOSOTROS - Kaimara","og_description":"\u00bfQuieres formar parte de nuestro equipo de ling\u00fcistas profesionales altamente cualificados? Si te has especializado en uno o m\u00e1s sectores entre los que caracterizan nuestro Estudio de traducci\u00f3n, rellena el formulario y d\u00e9janos un mensaje. \u00a0 Nombre y apellidos* E-mail* Perfil * TraductorInt\u00e9rpreteCopywriter Idioma nativo * Especialidad GeneralModaCosm\u00e9ticaFarmac\u00e9uticaTurismoMarketingTecnolog\u00edaE-commerce Adjuntar CV * _______________________________ Mensaje\/ Nota (opcional) [&hellip;]","og_url":"https:\/\/kaimaralanguagehub.com\/es\/unete-nosotros\/","og_site_name":"Kaimara","article_modified_time":"2024-02-21T10:00:47+00:00","twitter_card":"summary_large_image","twitter_misc":{"Tiempo de lectura":"1 minuto"},"schema":{"@context":"https:\/\/schema.org","@graph":[{"@type":"WebPage","@id":"https:\/\/kaimaralanguagehub.com\/es\/unete-nosotros\/","url":"https:\/\/kaimaralanguagehub.com\/es\/unete-nosotros\/","name":"\u00daNETE A NOSOTROS - Kaimara","isPartOf":{"@id":"https:\/\/kaimaralanguagehub.com\/#website"},"primaryImageOfPage":{"@id":"https:\/\/kaimaralanguagehub.com\/es\/unete-nosotros\/#primaryimage"},"image":{"@id":"https:\/\/kaimaralanguagehub.com\/es\/unete-nosotros\/#primaryimage"},"thumbnailUrl":"https:\/\/kaimaralanguagehub.com\/wp-content\/uploads\/2025\/09\/Social_Profile.png","datePublished":"2024-01-15T15:48:27+00:00","dateModified":"2024-02-21T10:00:47+00:00","breadcrumb":{"@id":"https:\/\/kaimaralanguagehub.com\/es\/unete-nosotros\/#breadcrumb"},"inLanguage":"es","potentialAction":[{"@type":"ReadAction","target":["https:\/\/kaimaralanguagehub.com\/es\/unete-nosotros\/"]}]},{"@type":"ImageObject","inLanguage":"es","@id":"https:\/\/kaimaralanguagehub.com\/es\/unete-nosotros\/#primaryimage","url":"https:\/\/kaimaralanguagehub.com\/wp-content\/uploads\/2025\/09\/Social_Profile.png","contentUrl":"https:\/\/kaimaralanguagehub.com\/wp-content\/uploads\/2025\/09\/Social_Profile.png","width":1080,"height":1080},{"@type":"BreadcrumbList","@id":"https:\/\/kaimaralanguagehub.com\/es\/unete-nosotros\/#breadcrumb","itemListElement":[{"@type":"ListItem","position":1,"name":"Home","item":"https:\/\/kaimaralanguagehub.com\/es\/"},{"@type":"ListItem","position":2,"name":"\u00daNETE A NOSOTROS"}]},{"@type":"WebSite","@id":"https:\/\/kaimaralanguagehub.com\/#website","url":"https:\/\/kaimaralanguagehub.com\/","name":"Kaimara","description":"I help you to break into new markets and drive global growth.","publisher":{"@id":"https:\/\/kaimaralanguagehub.com\/#organization"},"potentialAction":[{"@type":"SearchAction","target":{"@type":"EntryPoint","urlTemplate":"https:\/\/kaimaralanguagehub.com\/?s={search_term_string}"},"query-input":{"@type":"PropertyValueSpecification","valueRequired":true,"valueName":"search_term_string"}}],"inLanguage":"es"},{"@type":"Organization","@id":"https:\/\/kaimaralanguagehub.com\/#organization","name":"Kaimara","url":"https:\/\/kaimaralanguagehub.com\/","logo":{"@type":"ImageObject","inLanguage":"es","@id":"https:\/\/kaimaralanguagehub.com\/#\/schema\/logo\/image\/","url":"https:\/\/kaimaralanguagehub.com\/wp-content\/uploads\/2025\/09\/Color-logo-no-background-scaled.png","contentUrl":"https:\/\/kaimaralanguagehub.com\/wp-content\/uploads\/2025\/09\/Color-logo-no-background-scaled.png","width":2560,"height":919,"caption":"Kaimara"},"image":{"@id":"https:\/\/kaimaralanguagehub.com\/#\/schema\/logo\/image\/"},"sameAs":["https:\/\/www.instagram.com\/panarello_translation_studio\/","https:\/\/www.linkedin.com\/in\/annacristinapanarello\/"]}]}},"_links":{"self":[{"href":"https:\/\/kaimaralanguagehub.com\/es\/wp-json\/wp\/v2\/pages\/14285","targetHints":{"allow":["GET"]}}],"collection":[{"href":"https:\/\/kaimaralanguagehub.com\/es\/wp-json\/wp\/v2\/pages"}],"about":[{"href":"https:\/\/kaimaralanguagehub.com\/es\/wp-json\/wp\/v2\/types\/page"}],"author":[{"embeddable":true,"href":"https:\/\/kaimaralanguagehub.com\/es\/wp-json\/wp\/v2\/users\/1"}],"replies":[{"embeddable":true,"href":"https:\/\/kaimaralanguagehub.com\/es\/wp-json\/wp\/v2\/comments?post=14285"}],"version-history":[{"count":4,"href":"https:\/\/kaimaralanguagehub.com\/es\/wp-json\/wp\/v2\/pages\/14285\/revisions"}],"predecessor-version":[{"id":14332,"href":"https:\/\/kaimaralanguagehub.com\/es\/wp-json\/wp\/v2\/pages\/14285\/revisions\/14332"}],"wp:featuredmedia":[{"embeddable":true,"href":"https:\/\/kaimaralanguagehub.com\/es\/wp-json\/wp\/v2\/media\/15937"}],"wp:attachment":[{"href":"https:\/\/kaimaralanguagehub.com\/es\/wp-json\/wp\/v2\/media?parent=14285"}],"curies":[{"name":"wp","href":"https:\/\/api.w.org\/{rel}","templated":true}]}}