{"id":13574,"date":"2021-12-10T15:40:41","date_gmt":"2021-12-10T15:40:41","guid":{"rendered":"https:\/\/kaimaralanguagehub.com\/contact\/"},"modified":"2025-10-03T15:43:22","modified_gmt":"2025-10-03T15:43:22","slug":"contacto","status":"publish","type":"page","link":"https:\/\/kaimaralanguagehub.com\/es\/contacto\/","title":{"rendered":"Contacto"},"content":{"rendered":"\t\t<div data-elementor-type=\"wp-page\" data-elementor-id=\"13574\" class=\"elementor elementor-13574 elementor-4131\">\n\t\t\t\t\t\t<section class=\"elementor-section elementor-top-section elementor-element elementor-element-aee6050 elementor-section-boxed elementor-section-height-default elementor-section-height-default qodef-elementor-content-no qodef-elementor-back-btn-skin-default qodef-section-title-text-holder-no qodef-section-line-animation-holder-no\" data-id=\"aee6050\" data-element_type=\"section\" data-e-type=\"section\">\n\t\t\t\t\t\t<div class=\"elementor-container elementor-column-gap-default\">\n\t\t\t\t\t<div class=\"elementor-column elementor-col-100 elementor-top-column elementor-element elementor-element-9c54467\" data-id=\"9c54467\" data-element_type=\"column\" data-e-type=\"column\">\n\t\t\t<div class=\"elementor-widget-wrap elementor-element-populated\">\n\t\t\t\t\t\t<div class=\"elementor-element elementor-element-75c2e53 elementor-widget elementor-widget-madelyn_core_section_title\" data-id=\"75c2e53\" data-element_type=\"widget\" data-e-type=\"widget\" data-widget_type=\"madelyn_core_section_title.default\">\n\t\t\t\t<div class=\"elementor-widget-container\">\n\t\t\t\t\t<div class=\"qodef-shortcode qodef-m  qodef-section-title qodef-alignment--left  qodef--has-appear \">\n\t\t<h1 class=\"qodef-m-title\" style=\"color: #01103D\">\n\t\t\t\t\t\u00bfC\u00d3MO TE PODEMOS AYUDAR?\t\t\t<\/h1>\n\t\t<\/div>\n\t\t\t\t<\/div>\n\t\t\t\t<\/div>\n\t\t\t\t<div class=\"elementor-element elementor-element-613f94d elementor-widget elementor-widget-text-editor\" data-id=\"613f94d\" data-element_type=\"widget\" data-e-type=\"widget\" data-widget_type=\"text-editor.default\">\n\t\t\t\t<div class=\"elementor-widget-container\">\n\t\t\t\t\t\t\t\t\t<p><span style=\"color: #01103d;\">Selecciona una de las dos opciones aqu\u00ed abajo para contactar con el equipo adecuado.<\/span><\/p>\t\t\t\t\t\t\t\t<\/div>\n\t\t\t\t<\/div>\n\t\t\t\t\t<\/div>\n\t\t<\/div>\n\t\t\t\t\t<\/div>\n\t\t<\/section>\n\t\t\t\t<section class=\"elementor-section elementor-top-section elementor-element elementor-element-7376248 elementor-section-full_width qodef-elementor-content-grid elementor-section-height-default elementor-section-height-default qodef-elementor-back-btn-skin-default qodef-section-title-text-holder-no qodef-section-line-animation-holder-no\" data-id=\"7376248\" data-element_type=\"section\" data-e-type=\"section\" data-settings=\"{&quot;background_background&quot;:&quot;classic&quot;}\">\n\t\t\t\t\t\t<div class=\"elementor-container elementor-column-gap-default\">\n\t\t\t\t\t<div class=\"elementor-column elementor-col-50 elementor-top-column elementor-element elementor-element-e2232f3\" data-id=\"e2232f3\" data-element_type=\"column\" data-e-type=\"column\">\n\t\t\t<div class=\"elementor-widget-wrap elementor-element-populated\">\n\t\t\t\t\t\t<div class=\"elementor-element elementor-element-c01094a elementor-align-center elementor-widget elementor-widget-button\" data-id=\"c01094a\" data-element_type=\"widget\" data-e-type=\"widget\" data-widget_type=\"button.default\">\n\t\t\t\t<div class=\"elementor-widget-container\">\n\t\t\t\t\t\t\t\t\t<div class=\"elementor-button-wrapper\">\n\t\t\t\t\t<a class=\"elementor-button elementor-button-link elementor-size-sm\" href=\"https:\/\/kaimaralanguagehub.com\/es\/info-cursos-de-idiomas\/\">\n\t\t\t\t\t\t<span class=\"elementor-button-content-wrapper\">\n\t\t\t\t\t\t\t\t\t<span class=\"elementor-button-text\">INFO CURSOS DE IDIOMAS<\/span>\n\t\t\t\t\t<\/span>\n\t\t\t\t\t<\/a>\n\t\t\t\t<\/div>\n\t\t\t\t\t\t\t\t<\/div>\n\t\t\t\t<\/div>\n\t\t\t\t\t<\/div>\n\t\t<\/div>\n\t\t\t\t<div class=\"elementor-column elementor-col-50 elementor-top-column elementor-element elementor-element-943e06f\" data-id=\"943e06f\" data-element_type=\"column\" data-e-type=\"column\">\n\t\t\t<div class=\"elementor-widget-wrap elementor-element-populated\">\n\t\t\t\t\t\t<div class=\"elementor-element elementor-element-de51710 elementor-align-center elementor-widget elementor-widget-button\" data-id=\"de51710\" data-element_type=\"widget\" data-e-type=\"widget\" data-widget_type=\"button.default\">\n\t\t\t\t<div class=\"elementor-widget-container\">\n\t\t\t\t\t\t\t\t\t<div class=\"elementor-button-wrapper\">\n\t\t\t\t\t<a class=\"elementor-button elementor-button-link elementor-size-sm\" href=\"https:\/\/kaimaralanguagehub.com\/es\/presupuesto-de-traduccion\/\">\n\t\t\t\t\t\t<span class=\"elementor-button-content-wrapper\">\n\t\t\t\t\t\t\t\t\t<span class=\"elementor-button-text\">PRESUPUESTO DE TRADUCCI\u00d3N<\/span>\n\t\t\t\t\t<\/span>\n\t\t\t\t\t<\/a>\n\t\t\t\t<\/div>\n\t\t\t\t\t\t\t\t<\/div>\n\t\t\t\t<\/div>\n\t\t\t\t\t<\/div>\n\t\t<\/div>\n\t\t\t\t\t<\/div>\n\t\t<\/section>\n\t\t\t\t<section class=\"elementor-section elementor-top-section elementor-element elementor-element-7e24ed1 elementor-section-boxed elementor-section-height-default elementor-section-height-default qodef-elementor-content-no qodef-elementor-back-btn-skin-default qodef-section-title-text-holder-no qodef-section-line-animation-holder-no\" data-id=\"7e24ed1\" data-element_type=\"section\" data-e-type=\"section\">\n\t\t\t\t\t\t<div class=\"elementor-container elementor-column-gap-default\">\n\t\t\t\t\t<div class=\"elementor-column elementor-col-100 elementor-top-column elementor-element elementor-element-0c01206\" data-id=\"0c01206\" data-element_type=\"column\" data-e-type=\"column\">\n\t\t\t<div class=\"elementor-widget-wrap elementor-element-populated\">\n\t\t\t\t\t\t<div class=\"elementor-element elementor-element-836fddd elementor-widget elementor-widget-image\" data-id=\"836fddd\" data-element_type=\"widget\" data-e-type=\"widget\" data-widget_type=\"image.default\">\n\t\t\t\t<div class=\"elementor-widget-container\">\n\t\t\t\t\t\t\t\t\t\t\t\t\t\t\t<img fetchpriority=\"high\" decoding=\"async\" width=\"1024\" height=\"682\" src=\"https:\/\/kaimaralanguagehub.com\/wp-content\/uploads\/2023\/04\/ac-sec-7-1024x682.webp\" class=\"attachment-large size-large wp-image-13712\" alt=\"\" srcset=\"https:\/\/kaimaralanguagehub.com\/wp-content\/uploads\/2023\/04\/ac-sec-7-1024x682.webp 1024w, https:\/\/kaimaralanguagehub.com\/wp-content\/uploads\/2023\/04\/ac-sec-7-300x200.webp 300w, https:\/\/kaimaralanguagehub.com\/wp-content\/uploads\/2023\/04\/ac-sec-7-768x511.webp 768w, https:\/\/kaimaralanguagehub.com\/wp-content\/uploads\/2023\/04\/ac-sec-7.webp 1200w\" sizes=\"(max-width: 1024px) 100vw, 1024px\" \/>\t\t\t\t\t\t\t\t\t\t\t\t\t\t\t<\/div>\n\t\t\t\t<\/div>\n\t\t\t\t\t<\/div>\n\t\t<\/div>\n\t\t\t\t\t<\/div>\n\t\t<\/section>\n\t\t\t\t<\/div>\n\t\t","protected":false},"excerpt":{"rendered":"<p>\u00bfC\u00d3MO TE PODEMOS AYUDAR? Selecciona una de las dos opciones aqu\u00ed abajo para contactar con el equipo adecuado. INFO CURSOS DE IDIOMAS PRESUPUESTO DE TRADUCCI\u00d3N<\/p>\n","protected":false},"author":1,"featured_media":0,"parent":0,"menu_order":0,"comment_status":"closed","ping_status":"closed","template":"page-full-width.php","meta":{"_uf_show_specific_survey":0,"_uf_disable_surveys":false,"footnotes":""},"class_list":["post-13574","page","type-page","status-publish","hentry"],"yoast_head":"<!-- This site is optimized with the Yoast SEO plugin v27.4 - https:\/\/yoast.com\/product\/yoast-seo-wordpress\/ -->\n<title>Contacta con nuestro equipo | Kaimara<\/title>\n<meta name=\"description\" content=\"Contacta con nuestro equipo para escalar tu marca a nivel internacional con nuestros servicios especializados.\" \/>\n<meta name=\"robots\" content=\"index, follow, max-snippet:-1, max-image-preview:large, max-video-preview:-1\" \/>\n<link rel=\"canonical\" href=\"https:\/\/kaimaralanguagehub.com\/es\/contacto\/\" \/>\n<meta property=\"og:locale\" content=\"es_ES\" \/>\n<meta property=\"og:type\" content=\"article\" \/>\n<meta property=\"og:title\" content=\"Contacta con nuestro equipo | Kaimara\" \/>\n<meta property=\"og:description\" content=\"Contacta con nuestro equipo para escalar tu marca a nivel internacional con nuestros servicios especializados.\" \/>\n<meta property=\"og:url\" content=\"https:\/\/kaimaralanguagehub.com\/es\/contacto\/\" \/>\n<meta property=\"og:site_name\" content=\"Kaimara\" \/>\n<meta property=\"article:modified_time\" content=\"2025-10-03T15:43:22+00:00\" \/>\n<meta property=\"og:image\" content=\"https:\/\/kaimaralanguagehub.com\/wp-content\/uploads\/2023\/04\/ac-sec-7.webp\" \/>\n\t<meta property=\"og:image:width\" content=\"1200\" \/>\n\t<meta property=\"og:image:height\" content=\"799\" \/>\n\t<meta property=\"og:image:type\" content=\"image\/webp\" \/>\n<meta name=\"twitter:card\" content=\"summary_large_image\" \/>\n<meta name=\"twitter:label1\" content=\"Tiempo de lectura\" \/>\n\t<meta name=\"twitter:data1\" content=\"1 minuto\" \/>\n<script type=\"application\/ld+json\" class=\"yoast-schema-graph\">{\"@context\":\"https:\\\/\\\/schema.org\",\"@graph\":[{\"@type\":\"WebPage\",\"@id\":\"https:\\\/\\\/kaimaralanguagehub.com\\\/es\\\/contacto\\\/\",\"url\":\"https:\\\/\\\/kaimaralanguagehub.com\\\/es\\\/contacto\\\/\",\"name\":\"Contacta con nuestro equipo | Kaimara\",\"isPartOf\":{\"@id\":\"https:\\\/\\\/kaimaralanguagehub.com\\\/#website\"},\"primaryImageOfPage\":{\"@id\":\"https:\\\/\\\/kaimaralanguagehub.com\\\/es\\\/contacto\\\/#primaryimage\"},\"image\":{\"@id\":\"https:\\\/\\\/kaimaralanguagehub.com\\\/es\\\/contacto\\\/#primaryimage\"},\"thumbnailUrl\":\"https:\\\/\\\/kaimaralanguagehub.com\\\/wp-content\\\/uploads\\\/2023\\\/04\\\/ac-sec-7-1024x682.webp\",\"datePublished\":\"2021-12-10T15:40:41+00:00\",\"dateModified\":\"2025-10-03T15:43:22+00:00\",\"description\":\"Contacta con nuestro equipo para escalar tu marca a nivel internacional con nuestros servicios especializados.\",\"breadcrumb\":{\"@id\":\"https:\\\/\\\/kaimaralanguagehub.com\\\/es\\\/contacto\\\/#breadcrumb\"},\"inLanguage\":\"es\",\"potentialAction\":[{\"@type\":\"ReadAction\",\"target\":[\"https:\\\/\\\/kaimaralanguagehub.com\\\/es\\\/contacto\\\/\"]}]},{\"@type\":\"ImageObject\",\"inLanguage\":\"es\",\"@id\":\"https:\\\/\\\/kaimaralanguagehub.com\\\/es\\\/contacto\\\/#primaryimage\",\"url\":\"https:\\\/\\\/kaimaralanguagehub.com\\\/wp-content\\\/uploads\\\/2023\\\/04\\\/ac-sec-7-1024x682.webp\",\"contentUrl\":\"https:\\\/\\\/kaimaralanguagehub.com\\\/wp-content\\\/uploads\\\/2023\\\/04\\\/ac-sec-7-1024x682.webp\"},{\"@type\":\"BreadcrumbList\",\"@id\":\"https:\\\/\\\/kaimaralanguagehub.com\\\/es\\\/contacto\\\/#breadcrumb\",\"itemListElement\":[{\"@type\":\"ListItem\",\"position\":1,\"name\":\"Home\",\"item\":\"https:\\\/\\\/kaimaralanguagehub.com\\\/es\\\/\"},{\"@type\":\"ListItem\",\"position\":2,\"name\":\"Contacto\"}]},{\"@type\":\"WebSite\",\"@id\":\"https:\\\/\\\/kaimaralanguagehub.com\\\/#website\",\"url\":\"https:\\\/\\\/kaimaralanguagehub.com\\\/\",\"name\":\"Kaimara\",\"description\":\"I help you to break into new markets and drive global growth.\",\"publisher\":{\"@id\":\"https:\\\/\\\/kaimaralanguagehub.com\\\/#organization\"},\"potentialAction\":[{\"@type\":\"SearchAction\",\"target\":{\"@type\":\"EntryPoint\",\"urlTemplate\":\"https:\\\/\\\/kaimaralanguagehub.com\\\/?s={search_term_string}\"},\"query-input\":{\"@type\":\"PropertyValueSpecification\",\"valueRequired\":true,\"valueName\":\"search_term_string\"}}],\"inLanguage\":\"es\"},{\"@type\":\"Organization\",\"@id\":\"https:\\\/\\\/kaimaralanguagehub.com\\\/#organization\",\"name\":\"Kaimara\",\"url\":\"https:\\\/\\\/kaimaralanguagehub.com\\\/\",\"logo\":{\"@type\":\"ImageObject\",\"inLanguage\":\"es\",\"@id\":\"https:\\\/\\\/kaimaralanguagehub.com\\\/#\\\/schema\\\/logo\\\/image\\\/\",\"url\":\"https:\\\/\\\/kaimaralanguagehub.com\\\/wp-content\\\/uploads\\\/2025\\\/09\\\/Color-logo-no-background-scaled.png\",\"contentUrl\":\"https:\\\/\\\/kaimaralanguagehub.com\\\/wp-content\\\/uploads\\\/2025\\\/09\\\/Color-logo-no-background-scaled.png\",\"width\":2560,\"height\":919,\"caption\":\"Kaimara\"},\"image\":{\"@id\":\"https:\\\/\\\/kaimaralanguagehub.com\\\/#\\\/schema\\\/logo\\\/image\\\/\"},\"sameAs\":[\"https:\\\/\\\/www.instagram.com\\\/panarello_translation_studio\\\/\",\"https:\\\/\\\/www.linkedin.com\\\/in\\\/annacristinapanarello\\\/\"]}]}<\/script>\n<!-- \/ Yoast SEO plugin. -->","yoast_head_json":{"title":"Contacta con nuestro equipo | Kaimara","description":"Contacta con nuestro equipo para escalar tu marca a nivel internacional con nuestros servicios especializados.","robots":{"index":"index","follow":"follow","max-snippet":"max-snippet:-1","max-image-preview":"max-image-preview:large","max-video-preview":"max-video-preview:-1"},"canonical":"https:\/\/kaimaralanguagehub.com\/es\/contacto\/","og_locale":"es_ES","og_type":"article","og_title":"Contacta con nuestro equipo | Kaimara","og_description":"Contacta con nuestro equipo para escalar tu marca a nivel internacional con nuestros servicios especializados.","og_url":"https:\/\/kaimaralanguagehub.com\/es\/contacto\/","og_site_name":"Kaimara","article_modified_time":"2025-10-03T15:43:22+00:00","og_image":[{"width":1200,"height":799,"url":"https:\/\/kaimaralanguagehub.com\/wp-content\/uploads\/2023\/04\/ac-sec-7.webp","type":"image\/webp"}],"twitter_card":"summary_large_image","twitter_misc":{"Tiempo de lectura":"1 minuto"},"schema":{"@context":"https:\/\/schema.org","@graph":[{"@type":"WebPage","@id":"https:\/\/kaimaralanguagehub.com\/es\/contacto\/","url":"https:\/\/kaimaralanguagehub.com\/es\/contacto\/","name":"Contacta con nuestro equipo | Kaimara","isPartOf":{"@id":"https:\/\/kaimaralanguagehub.com\/#website"},"primaryImageOfPage":{"@id":"https:\/\/kaimaralanguagehub.com\/es\/contacto\/#primaryimage"},"image":{"@id":"https:\/\/kaimaralanguagehub.com\/es\/contacto\/#primaryimage"},"thumbnailUrl":"https:\/\/kaimaralanguagehub.com\/wp-content\/uploads\/2023\/04\/ac-sec-7-1024x682.webp","datePublished":"2021-12-10T15:40:41+00:00","dateModified":"2025-10-03T15:43:22+00:00","description":"Contacta con nuestro equipo para escalar tu marca a nivel internacional con nuestros servicios especializados.","breadcrumb":{"@id":"https:\/\/kaimaralanguagehub.com\/es\/contacto\/#breadcrumb"},"inLanguage":"es","potentialAction":[{"@type":"ReadAction","target":["https:\/\/kaimaralanguagehub.com\/es\/contacto\/"]}]},{"@type":"ImageObject","inLanguage":"es","@id":"https:\/\/kaimaralanguagehub.com\/es\/contacto\/#primaryimage","url":"https:\/\/kaimaralanguagehub.com\/wp-content\/uploads\/2023\/04\/ac-sec-7-1024x682.webp","contentUrl":"https:\/\/kaimaralanguagehub.com\/wp-content\/uploads\/2023\/04\/ac-sec-7-1024x682.webp"},{"@type":"BreadcrumbList","@id":"https:\/\/kaimaralanguagehub.com\/es\/contacto\/#breadcrumb","itemListElement":[{"@type":"ListItem","position":1,"name":"Home","item":"https:\/\/kaimaralanguagehub.com\/es\/"},{"@type":"ListItem","position":2,"name":"Contacto"}]},{"@type":"WebSite","@id":"https:\/\/kaimaralanguagehub.com\/#website","url":"https:\/\/kaimaralanguagehub.com\/","name":"Kaimara","description":"I help you to break into new markets and drive global growth.","publisher":{"@id":"https:\/\/kaimaralanguagehub.com\/#organization"},"potentialAction":[{"@type":"SearchAction","target":{"@type":"EntryPoint","urlTemplate":"https:\/\/kaimaralanguagehub.com\/?s={search_term_string}"},"query-input":{"@type":"PropertyValueSpecification","valueRequired":true,"valueName":"search_term_string"}}],"inLanguage":"es"},{"@type":"Organization","@id":"https:\/\/kaimaralanguagehub.com\/#organization","name":"Kaimara","url":"https:\/\/kaimaralanguagehub.com\/","logo":{"@type":"ImageObject","inLanguage":"es","@id":"https:\/\/kaimaralanguagehub.com\/#\/schema\/logo\/image\/","url":"https:\/\/kaimaralanguagehub.com\/wp-content\/uploads\/2025\/09\/Color-logo-no-background-scaled.png","contentUrl":"https:\/\/kaimaralanguagehub.com\/wp-content\/uploads\/2025\/09\/Color-logo-no-background-scaled.png","width":2560,"height":919,"caption":"Kaimara"},"image":{"@id":"https:\/\/kaimaralanguagehub.com\/#\/schema\/logo\/image\/"},"sameAs":["https:\/\/www.instagram.com\/panarello_translation_studio\/","https:\/\/www.linkedin.com\/in\/annacristinapanarello\/"]}]}},"_links":{"self":[{"href":"https:\/\/kaimaralanguagehub.com\/es\/wp-json\/wp\/v2\/pages\/13574","targetHints":{"allow":["GET"]}}],"collection":[{"href":"https:\/\/kaimaralanguagehub.com\/es\/wp-json\/wp\/v2\/pages"}],"about":[{"href":"https:\/\/kaimaralanguagehub.com\/es\/wp-json\/wp\/v2\/types\/page"}],"author":[{"embeddable":true,"href":"https:\/\/kaimaralanguagehub.com\/es\/wp-json\/wp\/v2\/users\/1"}],"replies":[{"embeddable":true,"href":"https:\/\/kaimaralanguagehub.com\/es\/wp-json\/wp\/v2\/comments?post=13574"}],"version-history":[{"count":26,"href":"https:\/\/kaimaralanguagehub.com\/es\/wp-json\/wp\/v2\/pages\/13574\/revisions"}],"predecessor-version":[{"id":16199,"href":"https:\/\/kaimaralanguagehub.com\/es\/wp-json\/wp\/v2\/pages\/13574\/revisions\/16199"}],"wp:attachment":[{"href":"https:\/\/kaimaralanguagehub.com\/es\/wp-json\/wp\/v2\/media?parent=13574"}],"curies":[{"name":"wp","href":"https:\/\/api.w.org\/{rel}","templated":true}]}}